{"id":33,"date":"2025-11-30T07:36:21","date_gmt":"2025-11-30T07:36:21","guid":{"rendered":"https:\/\/tumotoservis.com\/index.php\/about\/"},"modified":"2025-11-30T10:20:30","modified_gmt":"2025-11-30T10:20:30","slug":"about","status":"publish","type":"page","link":"https:\/\/tumotoservis.com\/index.php\/about\/","title":{"rendered":"About"},"content":{"rendered":"\t\t<div data-elementor-type=\"wp-page\" data-elementor-id=\"33\" class=\"elementor elementor-33\" data-elementor-post-type=\"page\">\n\t\t\t\t<div class=\"elementor-element elementor-element-2d877591 e-flex e-con-boxed e-con e-parent\" data-id=\"2d877591\" data-element_type=\"container\" data-e-type=\"container\" data-settings=\"{&quot;background_background&quot;:&quot;gradient&quot;,&quot;shape_divider_bottom&quot;:&quot;waves&quot;}\">\n\t\t\t\t\t<div class=\"e-con-inner\">\n\t\t\t\t<div class=\"elementor-shape elementor-shape-bottom\" aria-hidden=\"true\" data-negative=\"false\">\n\t\t\t<svg xmlns=\"http:\/\/www.w3.org\/2000\/svg\" viewBox=\"0 0 1000 100\" preserveAspectRatio=\"none\">\n\t<path class=\"elementor-shape-fill\" d=\"M421.9,6.5c22.6-2.5,51.5,0.4,75.5,5.3c23.6,4.9,70.9,23.5,100.5,35.7c75.8,32.2,133.7,44.5,192.6,49.7\n\tc23.6,2.1,48.7,3.5,103.4-2.5c54.7-6,106.2-25.6,106.2-25.6V0H0v30.3c0,0,72,32.6,158.4,30.5c39.2-0.7,92.8-6.7,134-22.4\n\tc21.2-8.1,52.2-18.2,79.7-24.2C399.3,7.9,411.6,7.5,421.9,6.5z\"\/>\n<\/svg>\t\t<\/div>\n\t\t\t\t<div class=\"elementor-element elementor-element-5041a16 elementor-widget elementor-widget-heading\" data-id=\"5041a16\" data-element_type=\"widget\" data-e-type=\"widget\" data-widget_type=\"heading.default\">\n\t\t\t\t\t<h1 class=\"elementor-heading-title elementor-size-default\">Hakk\u0131m\u0131zda<\/h1>\t\t\t\t<\/div>\n\t\t\t\t\t<\/div>\n\t\t\t\t<\/div>\n\t\t<div class=\"elementor-element elementor-element-46015afc e-con-full e-flex e-con e-parent\" data-id=\"46015afc\" data-element_type=\"container\" data-e-type=\"container\">\n\t\t\t\t<div class=\"elementor-element elementor-element-3ff608c0 elementor-widget elementor-widget-zigzag\" data-id=\"3ff608c0\" data-element_type=\"widget\" data-e-type=\"widget\" data-settings=\"{&quot;image_shape&quot;:&quot;sharp&quot;}\" data-widget_type=\"zigzag.default\">\n\t\t\t\t<div class=\"elementor-widget-container\">\n\t\t\t\t\t\t\t<div class=\"ehp-zigzag has-direction-start\">\n\t\t\t\t\t\t\t<div class=\"ehp-zigzag__item-wrapper\">\n\t\t\t\t\t<div class=\"ehp-zigzag__item-container\">\n\t\t\t\t\t\t\t\t<div class=\"ehp-zigzag__graphic-element-container has-image\">\n\t\t\t\t\t\t<div class=\"ehp-image ehp-zigzag__image-container\">\n\t\t\t\t<img decoding=\"async\" class=\"ehp-image__img ehp-zigzag__img has-shape-sharp shape-type-image\" src=\"https:\/\/tumotoservis.com\/wp-content\/uploads\/2025\/11\/WhatsApp-Image-2025-11-30-at-10.25.44-13-scaled.jpeg\" title=\"WhatsApp Image 2025-11-30 at 10.25.44 (13)\" alt=\"WhatsApp Image 2025-11-30 at 10.25.44 (13)\" loading=\"lazy\" \/>\t\t\t<\/div>\n\t\t\t\t\t<\/div>\n\t\t\t\t<div class=\"ehp-zigzag__text-container is-graphic-image\">\n\t\t\t<h2 class=\"ehp-zigzag__title\">T\u00fcm Oto Servis Olarak<\/h2><p class=\"ehp-zigzag__description\">T\u00fcm Oto Servis olarak, otomotiv tutkusunu ileri teknolojiyle bulu\u015fturarak motor swap, performans art\u0131rma ve mekanik yenileme alanlar\u0131nda uzmanla\u015fm\u0131\u015f bir servisiz. Y\u0131llar\u0131n deneyimi, teknik bilgi birikimi ve ustal\u0131\u011f\u0131m\u0131zla; her arac\u0131n ihtiya\u00e7lar\u0131na \u00f6zel, do\u011fru ve g\u00fcvenilir \u00e7\u00f6z\u00fcmler \u00fcretiyoruz.\n\nAmac\u0131m\u0131z sadece motor de\u011fi\u015ftirmek de\u011fil, arac\u0131n\u0131za yeni bir kimlik kazand\u0131rmak. Bu s\u00fcre\u00e7te g\u00fc\u00e7, verimlilik ve dayan\u0131kl\u0131l\u0131\u011f\u0131 en \u00fcst seviyeye \u00e7\u0131kar\u0131rken; i\u015f\u00e7ili\u011fimizde hassasiyet, g\u00fcvenlik ve m\u00fchendislik standartlar\u0131ndan asla \u00f6d\u00fcn vermiyoruz.<\/p>\t\t<\/div>\n\t\t\t\t\t\t\t<\/div>\n\t\t\t\t<\/div>\n\t\t\t\t\t\t\t\t<div class=\"ehp-zigzag__item-wrapper\">\n\t\t\t\t\t<div class=\"ehp-zigzag__item-container\">\n\t\t\t\t\t\t\t\t<div class=\"ehp-zigzag__graphic-element-container has-image\">\n\t\t\t\t\t\t<div class=\"ehp-image ehp-zigzag__image-container ehp-image ehp-zigzag__image-container\">\n\t\t\t\t<img decoding=\"async\" class=\"ehp-image__img ehp-zigzag__img has-shape-sharp shape-type-image\" src=\"https:\/\/tumotoservis.com\/wp-content\/uploads\/2025\/11\/About-Page-intro-pic.png\" title=\"About-Page-intro-pic.png\" alt=\"About-Page-intro-pic.png\" loading=\"lazy\" \/>\t\t\t<\/div>\n\t\t\t\t\t<\/div>\n\t\t\t\t<div class=\"ehp-zigzag__text-container is-graphic-image\">\n\t\t\t<h2 class=\"ehp-zigzag__title\">G\u00fcc\u00fcn Yeni Ad\u0131<\/h2><p class=\"ehp-zigzag__description\">Her projeye ayn\u0131 \u00f6zenle yakla\u015fan ekibimiz, modern te\u015fhis cihazlar\u0131 ve profesyonel ekipmanlarla hem g\u00fcnl\u00fck kullan\u0131m ara\u00e7lar\u0131nda hem de performans odakl\u0131 projelerde \u00fcst\u00fcn kalite sunar.\n\nT\u00fcm Oto Servis\u2019te m\u00fc\u015fterilerimiz sadece hizmet almaz; projenin her a\u015famas\u0131nda bilgilendirilir, s\u00fcrecin bir par\u00e7as\u0131 olurlar. \u015eeffafl\u0131k, g\u00fcven ve m\u00fc\u015fteri memnuniyeti bizim i\u00e7in her zaman \u00f6n plandad\u0131r.\n\nArac\u0131n\u0131za g\u00fc\u00e7 katmak, performans\u0131n\u0131 y\u00fckseltmek veya ona yeniden hayat vermek istiyorsan\u0131z; T\u00fcm Oto Servis, uzman ekibi ve profesyonel yakla\u015f\u0131m\u0131yla yan\u0131n\u0131zda.<\/p>\t\t<\/div>\n\t\t\t\t\t\t\t<\/div>\n\t\t\t\t<\/div>\n\t\t\t\t\t\t\t<\/div>\n\t\t\t\t\t\t<\/div>\n\t\t\t\t<\/div>\n\t\t\t\t<\/div>\n\t\t\t\t<\/div>\n\t\t","protected":false},"excerpt":{"rendered":"<p>Hakk\u0131m\u0131zda T\u00fcm Oto Servis Olarak T\u00fcm Oto Servis olarak, otomotiv tutkusunu ileri teknolojiyle bulu\u015fturarak motor swap, performans art\u0131rma ve mekanik yenileme alanlar\u0131nda uzmanla\u015fm\u0131\u015f bir servisiz. [&hellip;]<\/p>\n","protected":false},"author":1,"featured_media":0,"parent":0,"menu_order":0,"comment_status":"closed","ping_status":"closed","template":"elementor_header_footer","meta":{"footnotes":""},"class_list":["post-33","page","type-page","status-publish","hentry"],"_links":{"self":[{"href":"https:\/\/tumotoservis.com\/index.php\/wp-json\/wp\/v2\/pages\/33","targetHints":{"allow":["GET"]}}],"collection":[{"href":"https:\/\/tumotoservis.com\/index.php\/wp-json\/wp\/v2\/pages"}],"about":[{"href":"https:\/\/tumotoservis.com\/index.php\/wp-json\/wp\/v2\/types\/page"}],"author":[{"embeddable":true,"href":"https:\/\/tumotoservis.com\/index.php\/wp-json\/wp\/v2\/users\/1"}],"replies":[{"embeddable":true,"href":"https:\/\/tumotoservis.com\/index.php\/wp-json\/wp\/v2\/comments?post=33"}],"version-history":[{"count":7,"href":"https:\/\/tumotoservis.com\/index.php\/wp-json\/wp\/v2\/pages\/33\/revisions"}],"predecessor-version":[{"id":210,"href":"https:\/\/tumotoservis.com\/index.php\/wp-json\/wp\/v2\/pages\/33\/revisions\/210"}],"wp:attachment":[{"href":"https:\/\/tumotoservis.com\/index.php\/wp-json\/wp\/v2\/media?parent=33"}],"curies":[{"name":"wp","href":"https:\/\/api.w.org\/{rel}","templated":true}]}}